{"id":105,"date":"2021-09-12T12:30:09","date_gmt":"2021-09-12T12:30:09","guid":{"rendered":"http:\/\/valeriegaillard.django.group\/?page_id=105"},"modified":"2024-10-27T18:27:18","modified_gmt":"2024-10-27T18:27:18","slug":"apprentissage-musical","status":"publish","type":"page","link":"https:\/\/tomatisartetmusique.ch\/?page_id=105","title":{"rendered":"L&rsquo;art instrumental et lyrique, expression verbale et corporelle"},"content":{"rendered":"\n<p><strong>Jouer de sa voix, de son instrument<\/strong><em> avec aisance, <\/em><strong>chanter<\/strong> avec assurance sur sc\u00e8ne en dominant son trac, s&rsquo;exprimer en conf\u00e9rence, tenir un r\u00f4le de com\u00e9dien sans b\u00e9gayer,  affiner et perfectionner sa technique instrumentale et vocale: par un travail r\u00e9gulier avec l\u2019<strong>Oreille Electronique<\/strong> issu de la m\u00e9thode <strong>Tomatis\u00ae (<\/strong>micro, \u00e9couteurs sp\u00e9cifiques), vous progressez et obtiendrez de rapides r\u00e9sultats:  essayez cette <strong>d\u00e9marche originale<\/strong>!<\/p>\n\n\n\n<p><em><strong>S&rsquo;initier \u00e0 la musique<\/strong><\/em>, au chant, \u00e0 un instrument: lorsque l&rsquo;oreille a \u00e9t\u00e9 pr\u00e9par\u00e9e et harmonis\u00e9e gr\u00e2ce \u00e0 la m\u00e9thode <strong>Tomatis\u00ae<\/strong>, quel plaisir de commencer \u00e0 entrer dans le monde de la musique! <\/p>\n\n\n\n<p><strong>Cours individuels<\/strong>:  suivi et soutien actif de la m\u00e9thode sous forme de cours individuel<\/p>\n\n\n\n<ul class=\"wp-block-list\">\n<li>Pose de voix, expression verbale: vous apprenez \u00e0 aimer votre voix, \u00e0 la poser, \u00e0 vous exprimer avec aisance (com\u00e9dien, acteur, conf\u00e9rencier, journaliste, gens de la radio (&#8230;)<\/li>\n\n\n\n<li>Langues \u00e9trang\u00e8res, cours d&rsquo;appui<\/li>\n<\/ul>\n\n\n\n<ul class=\"wp-block-list\">\n<li>Initiation musicale (petits et grands) en groupe<\/li>\n<\/ul>\n\n\n\n<ul class=\"wp-block-list\">\n<li>Cours de fl\u00fbte traversi\u00e8re (d\u00e9butants, avanc\u00e9s, professionnels)<\/li>\n<\/ul>\n\n\n\n<p><em><strong>Votre acc\u00e8s au chant ou \u00e0 l&rsquo;instrument se fera tr\u00e8s naturellement gr\u00e2ce \u00e0 la m\u00e9thode Tomatis\u00ae<\/strong><\/em>.<\/p>\n\n\n\n<p><\/p>\n\n\n<div class=\"wp-block-image is-style-default\">\n<figure class=\"aligncenter size-large is-resized\"><img loading=\"lazy\" decoding=\"async\" src=\"http:\/\/valeriegaillard.django.group\/wp-content\/uploads\/2021\/09\/DSCF9947-2-683x1024.jpg\" alt=\"\" class=\"wp-image-202\" width=\"414\" height=\"620\" srcset=\"https:\/\/tomatisartetmusique.ch\/wp-content\/uploads\/2021\/09\/DSCF9947-2-683x1024.jpg 683w, https:\/\/tomatisartetmusique.ch\/wp-content\/uploads\/2021\/09\/DSCF9947-2-200x300.jpg 200w, https:\/\/tomatisartetmusique.ch\/wp-content\/uploads\/2021\/09\/DSCF9947-2-768x1152.jpg 768w, https:\/\/tomatisartetmusique.ch\/wp-content\/uploads\/2021\/09\/DSCF9947-2-1024x1536.jpg 1024w, https:\/\/tomatisartetmusique.ch\/wp-content\/uploads\/2021\/09\/DSCF9947-2-1365x2048.jpg 1365w, https:\/\/tomatisartetmusique.ch\/wp-content\/uploads\/2021\/09\/DSCF9947-2-scaled.jpg 1707w\" sizes=\"auto, (max-width: 414px) 100vw, 414px\" \/><\/figure>\n<\/div>","protected":false},"excerpt":{"rendered":"<p>Jouer de sa voix, de son instrument avec aisance, chanter avec assurance sur sc\u00e8ne en dominant son trac, s&rsquo;exprimer en conf\u00e9rence, tenir un r\u00f4le de com\u00e9dien sans b\u00e9gayer, affiner et perfectionner sa technique instrumentale et vocale: par un travail r\u00e9gulier avec l\u2019Oreille Electronique issu de la m\u00e9thode Tomatis\u00ae (micro, \u00e9couteurs sp\u00e9cifiques), vous progressez et obtiendrez &hellip; <\/p>\n<p class=\"link-more\"><a href=\"https:\/\/tomatisartetmusique.ch\/?page_id=105\" class=\"more-link\">Continuer la lecture<span class=\"screen-reader-text\"> de &laquo;&nbsp;L&rsquo;art instrumental et lyrique, expression verbale et corporelle&nbsp;&raquo;<\/span><\/a><\/p>\n","protected":false},"author":1,"featured_media":0,"parent":0,"menu_order":2,"comment_status":"closed","ping_status":"closed","template":"","meta":{"footnotes":""},"class_list":["post-105","page","type-page","status-publish","hentry"],"_links":{"self":[{"href":"https:\/\/tomatisartetmusique.ch\/index.php?rest_route=\/wp\/v2\/pages\/105","targetHints":{"allow":["GET"]}}],"collection":[{"href":"https:\/\/tomatisartetmusique.ch\/index.php?rest_route=\/wp\/v2\/pages"}],"about":[{"href":"https:\/\/tomatisartetmusique.ch\/index.php?rest_route=\/wp\/v2\/types\/page"}],"author":[{"embeddable":true,"href":"https:\/\/tomatisartetmusique.ch\/index.php?rest_route=\/wp\/v2\/users\/1"}],"replies":[{"embeddable":true,"href":"https:\/\/tomatisartetmusique.ch\/index.php?rest_route=%2Fwp%2Fv2%2Fcomments&post=105"}],"version-history":[{"count":17,"href":"https:\/\/tomatisartetmusique.ch\/index.php?rest_route=\/wp\/v2\/pages\/105\/revisions"}],"predecessor-version":[{"id":507,"href":"https:\/\/tomatisartetmusique.ch\/index.php?rest_route=\/wp\/v2\/pages\/105\/revisions\/507"}],"wp:attachment":[{"href":"https:\/\/tomatisartetmusique.ch\/index.php?rest_route=%2Fwp%2Fv2%2Fmedia&parent=105"}],"curies":[{"name":"wp","href":"https:\/\/api.w.org\/{rel}","templated":true}]}}