{"id":110,"date":"2021-09-12T12:34:50","date_gmt":"2021-09-12T12:34:50","guid":{"rendered":"http:\/\/valeriegaillard.django.group\/?page_id=110"},"modified":"2025-07-09T16:55:58","modified_gmt":"2025-07-09T16:55:58","slug":"musicotherapie-et-methode-tomatis","status":"publish","type":"page","link":"https:\/\/tomatisartetmusique.ch\/?page_id=110","title":{"rendered":"M\u00e9thode Tomatis\u00ae, musique et musicoth\u00e9rapie"},"content":{"rendered":"\n<details class=\"wp-block-details is-layout-flow wp-block-details-is-layout-flow\"><summary><\/summary>\n<figure class=\"wp-block-image\"><img loading=\"lazy\" decoding=\"async\" width=\"908\" height=\"1285\" src=\"https:\/\/valeriegaillard.django.group\/wp-content\/uploads\/2025\/04\/IMG-20250414-WA0001-2.jpg\" alt=\"\" class=\"wp-image-579\" srcset=\"https:\/\/tomatisartetmusique.ch\/wp-content\/uploads\/2025\/04\/IMG-20250414-WA0001-2.jpg 908w, https:\/\/tomatisartetmusique.ch\/wp-content\/uploads\/2025\/04\/IMG-20250414-WA0001-2-212x300.jpg 212w, https:\/\/tomatisartetmusique.ch\/wp-content\/uploads\/2025\/04\/IMG-20250414-WA0001-2-724x1024.jpg 724w, https:\/\/tomatisartetmusique.ch\/wp-content\/uploads\/2025\/04\/IMG-20250414-WA0001-2-768x1087.jpg 768w\" sizes=\"auto, (max-width: 767px) 89vw, (max-width: 1000px) 54vw, (max-width: 1071px) 543px, 580px\" \/><\/figure>\n<\/details>\n\n\n\n<figure class=\"wp-block-image\"><img loading=\"lazy\" decoding=\"async\" width=\"908\" height=\"1211\" src=\"https:\/\/valeriegaillard.django.group\/wp-content\/uploads\/2025\/07\/IMG-20250414-WA0001-2-edited.jpg\" alt=\"\" class=\"wp-image-626\" srcset=\"https:\/\/tomatisartetmusique.ch\/wp-content\/uploads\/2025\/07\/IMG-20250414-WA0001-2-edited.jpg 908w, https:\/\/tomatisartetmusique.ch\/wp-content\/uploads\/2025\/07\/IMG-20250414-WA0001-2-edited-225x300.jpg 225w, https:\/\/tomatisartetmusique.ch\/wp-content\/uploads\/2025\/07\/IMG-20250414-WA0001-2-edited-768x1024.jpg 768w\" sizes=\"auto, (max-width: 767px) 89vw, (max-width: 1000px) 54vw, (max-width: 1071px) 543px, 580px\" \/><\/figure>\n\n\n\n<ul class=\"wp-block-list\">\n<li><strong>Eprouvez <\/strong>les effets de la vibration du son <strong style=\"font-weight: bold;\">avec l&rsquo;oreille<\/strong> par la M\u00e9thode <strong>Tomatis<\/strong><\/li>\n\n\n\n<li>et <strong>avec <strong>votre corps<\/strong><\/strong> par la <strong>musicoth\u00e9rapie<\/strong>, technique th\u00e9rapeutique globale et douce,  <strong>compl\u00e9mentaire<\/strong> \u00e0 Tomatis.<\/li>\n<\/ul>\n\n\n\n<p><strong>La M\u00e9thode Tomatis\u00ae <\/strong>: <strong> <strong>am\u00e9liore les facult\u00e9s motrices, \u00e9motionnelles et cognitives<\/strong> avec un <em>programme de stimulation neurosensorielle naturelle<\/em><\/strong>. Vous vous transformez et retrouvez une \u00e9coute harmonieuse en suivant des s\u00e9ances de musiques programm\u00e9es selon le test d&rsquo;\u00e9coute, avec les \u00e9couteurs de la m\u00e9thode Tomatis, d\u00e9marche intensive sur 10 \u00e0 13 jours pour un effet optimal. Cette premi\u00e8re \u00e9tape, d\u00e9j\u00e0 tr\u00e8s riche, sera suivie d&rsquo;une seconde voire parfois d&rsquo;une troisi\u00e8me session d&rsquo;\u00e9coute, plus courte mais n\u00e9cessaire selon les individus pour que le corps l&rsquo;int\u00e8gre compl\u00e8tement.<\/p>\n\n\n\n<p>Le suivi  \u00ab\u00a0actif\u00a0\u00bbsous <strong>Oreille Electronique<\/strong> est indispensable pour vous soutenir dans votre d\u00e9marche et r\u00e9pondre \u00e0 vos attentes. Les enfants sont  concentr\u00e9s et attentifs en classe, vous \u00eates \u00e0 nouveau motiv\u00e9s et d\u00e9tendus, vous vous sentez libres pour vous exprimer en public, pr\u00eats \u00e0 oser <strong>chanter<\/strong>, \u00e0 vous perfectionner avec plaisir sur votre instrument (ou vous initier). Sous <strong>Oreille Electronique<\/strong> active,  vous vous entra\u00eenez sur une courte p\u00e9riode afin de stabiliser votre boucle audio-vocale qui  p\u00e9rennise les bons r\u00e9flexes \u00e0 votre \u00e9coute.<\/p>\n\n\n\n<figure class=\"wp-block-pullquote\"><blockquote><p>Avec la musique..\u00a0\u00bbl<strong>e cerveau se remet \u00e0 danser<\/strong>.\u00a0\u00bb<\/p><cite>\u00ab\u00a0<strong><em>La symphonie neuronale<\/em>\u00a0\u00bb ou \u00ab\u00a0Pourquoi la musique est indispensable au cerveau<\/strong>\u00a0\u00bb E. Bigand, B. Tillmann. Ed. humenSciences, 2020<\/cite><\/blockquote><\/figure>\n\n\n\n<p><\/p>\n\n\n\n<p><strong><em>Le lit monocorde ou tambura corporelle:<\/em><\/strong><\/p>\n\n\n\n<p>La sensation d&rsquo;une <strong>relaxation profonde se vit sur un instrument de musique th\u00e9rapeutique, la tambura corporelle ou <em>monocorde <\/em>, gr\u00e2ce \u00e0 la puissance des sons harmoniques<\/strong>. <\/p>\n\n\n\n<p><\/p>\n\n\n\n<figure class=\"wp-block-image size-large\"><img loading=\"lazy\" decoding=\"async\" width=\"888\" height=\"1024\" src=\"https:\/\/valeriegaillard.django.group\/wp-content\/uploads\/2023\/03\/monocdessus-888x1024.jpg\" alt=\"\" class=\"wp-image-362\" srcset=\"https:\/\/tomatisartetmusique.ch\/wp-content\/uploads\/2023\/03\/monocdessus-888x1024.jpg 888w, https:\/\/tomatisartetmusique.ch\/wp-content\/uploads\/2023\/03\/monocdessus-260x300.jpg 260w, https:\/\/tomatisartetmusique.ch\/wp-content\/uploads\/2023\/03\/monocdessus-768x886.jpg 768w, https:\/\/tomatisartetmusique.ch\/wp-content\/uploads\/2023\/03\/monocdessus-1332x1536.jpg 1332w, https:\/\/tomatisartetmusique.ch\/wp-content\/uploads\/2023\/03\/monocdessus-1776x2048.jpg 1776w\" sizes=\"auto, (max-width: 767px) 89vw, (max-width: 1000px) 54vw, (max-width: 1071px) 543px, 580px\" \/><\/figure>\n\n\n\n<p>La musique agit sur <strong>l\u2019ensemble de notre corps et synchronise les neurones <\/strong>de notre cerveau, am\u00e9liorant ainsi leurs \u00e9changes. <\/p>\n\n\n\n<p>Gr\u00e2ce au jeu des 64 cordes plac\u00e9es entre vous et la caisse de r\u00e9sonance de l&rsquo;instrument, les sons se propagent de mani\u00e8re subtile et harmonisante dans les cellules, la peau et les os, r\u00e9pondant au besoin fondamental du toucher et du contact; ils rentrent en r\u00e9sonance avec votre corps avec un ressenti intense de d\u00e9tente et de protection. Ce <strong>massage sonore<\/strong> met le mental entre parenth\u00e8ses, la notion de temps s&rsquo;\u00e9vanouit et les couches profondes de l&rsquo;inconscient deviennent accessibles. <\/p>\n\n\n\n<figure class=\"wp-block-image size-large\"><img loading=\"lazy\" decoding=\"async\" width=\"1024\" height=\"604\" src=\"https:\/\/valeriegaillard.django.group\/wp-content\/uploads\/2023\/03\/monoccote-1024x604.jpg\" alt=\"\" class=\"wp-image-365\" srcset=\"https:\/\/tomatisartetmusique.ch\/wp-content\/uploads\/2023\/03\/monoccote-1024x604.jpg 1024w, https:\/\/tomatisartetmusique.ch\/wp-content\/uploads\/2023\/03\/monoccote-300x177.jpg 300w, https:\/\/tomatisartetmusique.ch\/wp-content\/uploads\/2023\/03\/monoccote-768x453.jpg 768w, https:\/\/tomatisartetmusique.ch\/wp-content\/uploads\/2023\/03\/monoccote-1536x906.jpg 1536w, https:\/\/tomatisartetmusique.ch\/wp-content\/uploads\/2023\/03\/monoccote-2048x1208.jpg 2048w\" sizes=\"auto, (max-width: 767px) 89vw, (max-width: 1000px) 54vw, (max-width: 1071px) 543px, 580px\" \/><figcaption class=\"wp-element-caption\">Vue de c\u00f4t\u00e9<\/figcaption><\/figure>\n\n\n\n<h2 class=\"wp-block-heading\"><\/h2>\n\n\n\n<h2 class=\"wp-block-heading has-medium-font-size\">Futures mamans et b\u00e9b\u00e9s<\/h2>\n\n\n\n<p>\u00ab\u00a0<em><strong>Voyager\u00a0\u00bb de mani\u00e8re sensorielle et sensible pour vous reposer, restaurer vos forces dans une ambiance douce, chaleureuse et r\u00e9confortante. <\/strong><\/em>Tr\u00e8s efficace en cas de d\u00e9pression, burnout, pr\u00e9paration \u00e0 l&rsquo;accouchement, suivi post-accouchement , pour femmes enceintes. Soins adapt\u00e9s aux nouveaux-n\u00e9s et b\u00e9b\u00e9s (CMT Creativ music Therapy).<\/p>\n\n\n\n<p><em><strong>La musicoth\u00e9rapie a prouv\u00e9 en n\u00e9onatalogie son impact sur le d\u00e9veloppement et la <\/strong><\/em><strong>maturation du cerveau des grands pr\u00e9matur\u00e9s<\/strong><em>, impact global positif \u00e0 la fois physiologique, comportemental et neurophysiologique.<\/em><br><em>(E. Bigand, B. Tillmann: \u00ab\u00a0La symphonie neuronale \u00bb).<\/em><br><em>J&rsquo;utilise la tambura corporelle, version petite de l&rsquo; instrument, sp\u00e9cifique et tr\u00e8s utilis\u00e9e dans les soins pour les grands  pr\u00e9matur\u00e9s,  qui a un effet \u00ab peau \u00e0 peau \u00bb tr\u00e8s r\u00e9confortant, apaisant et jouant un r\u00f4le important  dans le lien d\u2019attachement.&nbsp;<\/em>Cette utilisation de la musicoth\u00e9rapie cr\u00e9ative  a \u00e9t\u00e9 observ\u00e9e dans le cadre de projet de recherche de diff\u00e9rentes universit\u00e9s dont celle de l&rsquo; Universit\u00e4tsspital de Z\u00fcrich, F. Halsbeck Dr. rer. medic. Postdoktorandin Neonatologie, ainsi qu&rsquo;\u00e0 Gen\u00e8ve (UNIGE) avec Didier Grandjean et Manuela Fillipa sur la voix maternelle et les compositions musicales (Vollenweider), Revue Scientific Reports.<\/p>\n\n\n\n<p><a href=\"https:\/\/www.hug.ch\/actualite\/etude-musique-chant-pour-prematures-dans-national\">https:\/\/www.hug.ch\/actualite\/etude-musique-chant-pour-prematures-dans-national<\/a><\/p>\n\n\n\n<p class=\"has-text-align-center has-small-font-size\"><\/p>\n\n\n\n<p class=\"has-text-align-center\"><br><\/p>\n","protected":false},"excerpt":{"rendered":"<p>La M\u00e9thode Tomatis\u00ae : am\u00e9liore les facult\u00e9s motrices, \u00e9motionnelles et cognitives avec un programme de stimulation neurosensorielle naturelle. Vous vous transformez et retrouvez une \u00e9coute harmonieuse en suivant des s\u00e9ances de musiques programm\u00e9es selon le test d&rsquo;\u00e9coute, avec les \u00e9couteurs de la m\u00e9thode Tomatis, d\u00e9marche intensive sur 10 \u00e0 13 jours pour un effet optimal. &hellip; <\/p>\n<p class=\"link-more\"><a href=\"https:\/\/tomatisartetmusique.ch\/?page_id=110\" class=\"more-link\">Continuer la lecture<span class=\"screen-reader-text\"> de &laquo;&nbsp;M\u00e9thode Tomatis\u00ae, musique et musicoth\u00e9rapie&nbsp;&raquo;<\/span><\/a><\/p>\n","protected":false},"author":1,"featured_media":0,"parent":0,"menu_order":1,"comment_status":"open","ping_status":"closed","template":"","meta":{"footnotes":""},"class_list":["post-110","page","type-page","status-publish","hentry"],"_links":{"self":[{"href":"https:\/\/tomatisartetmusique.ch\/index.php?rest_route=\/wp\/v2\/pages\/110","targetHints":{"allow":["GET"]}}],"collection":[{"href":"https:\/\/tomatisartetmusique.ch\/index.php?rest_route=\/wp\/v2\/pages"}],"about":[{"href":"https:\/\/tomatisartetmusique.ch\/index.php?rest_route=\/wp\/v2\/types\/page"}],"author":[{"embeddable":true,"href":"https:\/\/tomatisartetmusique.ch\/index.php?rest_route=\/wp\/v2\/users\/1"}],"replies":[{"embeddable":true,"href":"https:\/\/tomatisartetmusique.ch\/index.php?rest_route=%2Fwp%2Fv2%2Fcomments&post=110"}],"version-history":[{"count":56,"href":"https:\/\/tomatisartetmusique.ch\/index.php?rest_route=\/wp\/v2\/pages\/110\/revisions"}],"predecessor-version":[{"id":633,"href":"https:\/\/tomatisartetmusique.ch\/index.php?rest_route=\/wp\/v2\/pages\/110\/revisions\/633"}],"wp:attachment":[{"href":"https:\/\/tomatisartetmusique.ch\/index.php?rest_route=%2Fwp%2Fv2%2Fmedia&parent=110"}],"curies":[{"name":"wp","href":"https:\/\/api.w.org\/{rel}","templated":true}]}}