{"id":7,"date":"2020-12-13T17:23:36","date_gmt":"2020-12-13T17:23:36","guid":{"rendered":"http:\/\/valeriegaillard.django.group\/?page_id=7"},"modified":"2024-10-27T18:23:39","modified_gmt":"2024-10-27T18:23:39","slug":"about","status":"publish","type":"page","link":"https:\/\/tomatisartetmusique.ch\/?page_id=7","title":{"rendered":"A propos de la m\u00e9thode"},"content":{"rendered":"\n<p><strong>Pourquoi Tomatis ?<\/strong><\/p>\n\n\n\n<p>La <strong>M\u00e9thode Tomatis\u00ae&nbsp;<\/strong>est un programme de <strong>stimulation neurosensorielle<\/strong> naturelle qui modifie votre \u00e9coute, stabilise votre fa\u00e7on de dialoguer et de communiquer,  sur une technologie unique pour <strong>favoriser l\u2019\u00e9veil cortical.&nbsp; <\/strong>La p\u00e9dagogie de l\u2019\u00e9coute cr\u00e9\u00e9e par Tomatis a pour but de permettre une r\u00e9-harmonisation de votre \u00e9coute. <strong>Elle<\/strong>&nbsp;<strong>am\u00e9liore les facult\u00e9s motrices, \u00e9motionnelles et cognitives<\/strong>.<\/p>\n\n\n\n<p>D\u00e9marche fond\u00e9e sur 50 ans de pratique, th\u00e9rapie courte 2x 10 \u00e0 13 jours, reconnue et rembours\u00e9e par les assurances compl\u00e9mentaires.<\/p>\n\n\n\n<p><\/p>\n\n\n\n<figure class=\"wp-block-embed is-type-video is-provider-youtube wp-block-embed-youtube wp-embed-aspect-16-9 wp-has-aspect-ratio\"><div class=\"wp-block-embed__wrapper\">\n<iframe loading=\"lazy\" title=\"[EN] What is the Tomatis\u00ae Method?\" width=\"525\" height=\"295\" src=\"https:\/\/www.youtube.com\/embed\/MvuBAXOqwAM?feature=oembed\" frameborder=\"0\" allow=\"accelerometer; autoplay; clipboard-write; encrypted-media; gyroscope; picture-in-picture; web-share\" referrerpolicy=\"strict-origin-when-cross-origin\" allowfullscreen><\/iframe>\n<\/div><\/figure>\n\n\n\n<p><strong>Pour qui ? <\/strong><\/p>\n\n\n\n<p>Pour tous et \u00e0 tout \u00e2ge: b\u00e9b\u00e9, enfant, ado, adopt\u00e9, adulte, senior <\/p>\n\n\n\n<p><strong>Pour quoi ?<\/strong>  champs d&rsquo;application vari\u00e9s cibl\u00e9s selon vos attentes\u2026<\/p>\n\n\n\n<ul class=\"wp-block-list\">\n<li><strong>bien-\u00eatre: r\u00e9apprendre \u00e0 se relaxer<\/strong> : respirer, se d\u00e9tendre<\/li>\n\n\n\n<li><strong>expression verbale<\/strong> <strong>et corporelle<\/strong>: vous apprenez \u00e0 aimer votre voix, \u00e0 la poser, \u00e0 vous exprimer avec aisance<\/li>\n\n\n\n<li><strong>pr\u00e9paration \u00e0 l&rsquo;accouchement et suivi post-accouchement avec b\u00e9b\u00e9<\/strong><\/li>\n\n\n\n<li><strong>contr\u00f4le des \u00e9motions<\/strong><\/li>\n\n\n\n<li><strong>stress, burn-out<\/strong>, <strong>d\u00e9pression<\/strong><em> : <\/em>assistance et accompagnement<\/li>\n\n\n\n<li><strong>concentration<\/strong>: se recentrer, d\u00e9couvrir ses ressources<\/li>\n\n\n\n<li> <strong>troubles cognitifs<\/strong>, de concentration, de l&rsquo;attention ( TDAH), de la motricit\u00e9 fine, de la m\u00e9moire, <strong>troubl<\/strong><em><strong>es anxieux<\/strong>:<\/em> favoriser l&rsquo;acceptation et permettre de prendre contr\u00f4le de ses tensions<\/li>\n\n\n\n<li><strong>probl\u00e8mes scolaires<\/strong>: les dys-praxie, -orthographie (etc.)<\/li>\n\n\n\n<li><strong>autisme: <\/strong>assistance \u00e0 l&rsquo;int\u00e9gration sociale et facult\u00e9s de communication<\/li>\n<\/ul>\n\n\n\n<p><\/p>\n\n\n\n<ul class=\"wp-block-list\">\n<li><em> <\/em><strong>Jouer et chanter<\/strong> sous <strong>Oreille Electronique<\/strong>, voici une <strong>d\u00e9marche originale<\/strong> ! : s\u2019initier \u00e0 la musique, se perfectionner et affiner sa technique instrumentale par un travail intensif avec l\u2019Oreille Electronique issu de la m\u00e9thode <strong>Tomatis\u00ae (<\/strong>micro, \u00e9couteurs sp\u00e9cifiques)<strong>.<\/strong><\/li>\n<\/ul>\n\n\n\n<figure class=\"wp-block-image size-full\"><img loading=\"lazy\" decoding=\"async\" width=\"800\" height=\"542\" src=\"http:\/\/valeriegaillard.django.group\/wp-content\/uploads\/2021\/09\/IRHT_103374_2_P.jpeg\" alt=\"\" class=\"wp-image-177\" srcset=\"https:\/\/tomatisartetmusique.ch\/wp-content\/uploads\/2021\/09\/IRHT_103374_2_P.jpeg 800w, https:\/\/tomatisartetmusique.ch\/wp-content\/uploads\/2021\/09\/IRHT_103374_2_P-300x203.jpeg 300w, https:\/\/tomatisartetmusique.ch\/wp-content\/uploads\/2021\/09\/IRHT_103374_2_P-768x520.jpeg 768w\" sizes=\"auto, (max-width: 767px) 89vw, (max-width: 1000px) 54vw, (max-width: 1071px) 543px, 580px\" \/><\/figure>\n\n\n\n<p><\/p>\n\n\n\n<p><strong>Eprouvez la vibration du son par conduction osseuse et a\u00e9rienne<\/strong>, avec les \u00e9couteurs de la m\u00e9thode Tomatis qui diffusent des musiques sp\u00e9cifiques tr\u00e8s \u00e9labor\u00e9es :  vous transformez ainsi vos habitudes d\u2019\u00e9coute.  Ensuite, votre oreille sera pr\u00eate \u00e0 poursuivre les s\u00e9ances dites actives. Avec l\u2019<strong>Oreille Electronique<\/strong>, vous continuez  \u00e0 instaurer les bons r\u00e9flexes \u00e0 votre \u00e9coute pour vous perfectionner : vous allez appr\u00e9cier et aimer votre voix, commencer \u00e0 chanter, \u00e0 jouer l&rsquo;instrument dont vous avez toujours eu l&rsquo;envie! Tout apprentissage sera facilit\u00e9 et les professionnels de la sc\u00e8ne, les  musiciens affinent avantageusement leur technique instrumentale et vocale.<\/p>\n","protected":false},"excerpt":{"rendered":"<p>Pourquoi Tomatis ? La M\u00e9thode Tomatis\u00ae&nbsp;est un programme de stimulation neurosensorielle naturelle qui modifie votre \u00e9coute, stabilise votre fa\u00e7on de dialoguer et de communiquer, sur une technologie unique pour favoriser l\u2019\u00e9veil cortical.&nbsp; La p\u00e9dagogie de l\u2019\u00e9coute cr\u00e9\u00e9e par Tomatis a pour but de permettre une r\u00e9-harmonisation de votre \u00e9coute. Elle&nbsp;am\u00e9liore les facult\u00e9s motrices, \u00e9motionnelles et &hellip; <\/p>\n<p class=\"link-more\"><a href=\"https:\/\/tomatisartetmusique.ch\/?page_id=7\" class=\"more-link\">Continuer la lecture<span class=\"screen-reader-text\"> de &laquo;&nbsp;A propos de la m\u00e9thode&nbsp;&raquo;<\/span><\/a><\/p>\n","protected":false},"author":1,"featured_media":0,"parent":0,"menu_order":0,"comment_status":"closed","ping_status":"closed","template":"","meta":{"footnotes":""},"class_list":["post-7","page","type-page","status-publish","hentry"],"_links":{"self":[{"href":"https:\/\/tomatisartetmusique.ch\/index.php?rest_route=\/wp\/v2\/pages\/7","targetHints":{"allow":["GET"]}}],"collection":[{"href":"https:\/\/tomatisartetmusique.ch\/index.php?rest_route=\/wp\/v2\/pages"}],"about":[{"href":"https:\/\/tomatisartetmusique.ch\/index.php?rest_route=\/wp\/v2\/types\/page"}],"author":[{"embeddable":true,"href":"https:\/\/tomatisartetmusique.ch\/index.php?rest_route=\/wp\/v2\/users\/1"}],"replies":[{"embeddable":true,"href":"https:\/\/tomatisartetmusique.ch\/index.php?rest_route=%2Fwp%2Fv2%2Fcomments&post=7"}],"version-history":[{"count":54,"href":"https:\/\/tomatisartetmusique.ch\/index.php?rest_route=\/wp\/v2\/pages\/7\/revisions"}],"predecessor-version":[{"id":534,"href":"https:\/\/tomatisartetmusique.ch\/index.php?rest_route=\/wp\/v2\/pages\/7\/revisions\/534"}],"wp:attachment":[{"href":"https:\/\/tomatisartetmusique.ch\/index.php?rest_route=%2Fwp%2Fv2%2Fmedia&parent=7"}],"curies":[{"name":"wp","href":"https:\/\/api.w.org\/{rel}","templated":true}]}}