{"id":8,"date":"2020-12-13T17:23:36","date_gmt":"2020-12-13T17:23:36","guid":{"rendered":"http:\/\/valeriegaillard.django.group\/?page_id=8"},"modified":"2024-10-27T18:33:26","modified_gmt":"2024-10-27T18:33:26","slug":"contact","status":"publish","type":"page","link":"https:\/\/tomatisartetmusique.ch\/?page_id=8","title":{"rendered":"Contact"},"content":{"rendered":"\n<p><strong>Val\u00e9rie Gaillard<\/strong><\/p>\n\n\n\n<p><strong>+41 78 606 92 86<\/strong><\/p>\n\n\n\n<p><strong><a href=\"mailto:tomatisartetmusique@gmail.ch\">tomatisartetmusique@gmail.<\/a>com<\/strong><br><strong><a href=\"mailto:info@tomatisartetmusique.ch\">info@tomatisartetmusique.ch<\/a><\/strong><br><\/p>\n\n\n\n<p>Rue de Cornavin 1, 1201 <strong>Gen\u00e8ve<\/strong><\/p>\n\n\n\n<p><\/p>\n\n\n\n<div class=\"wp-block-group\"><div class=\"wp-block-group__inner-container is-layout-constrained wp-block-group-is-layout-constrained\">\n<p>Rue de la Pogyre 11, 3979 <strong>Gr\u00f4ne, Valais    <\/strong>  <\/p>\n<\/div><\/div>\n\n\n\n<p><\/p>\n\n\n\n<p><strong><br><\/strong>  <\/p>\n\n\n\n<p><\/p>\n\n\n\n<p><strong>En savoir plus&nbsp;: <a href=\"http:\/\/www.tomatis.com\/\">www.tomatis.com<\/a><\/strong> <br><strong>                                  www.tomatis.com\/fr\/geneve\/tomatisr-art-et-musique<\/strong><\/p>\n\n\n\n<p><\/p>\n","protected":false},"excerpt":{"rendered":"<p>Val\u00e9rie Gaillard +41 78 606 92 86 tomatisartetmusique@gmail.cominfo@tomatisartetmusique.ch Rue de Cornavin 1, 1201 Gen\u00e8ve Rue de la Pogyre 11, 3979 Gr\u00f4ne, Valais En savoir plus&nbsp;: www.tomatis.com www.tomatis.com\/fr\/geneve\/tomatisr-art-et-musique<\/p>\n","protected":false},"author":1,"featured_media":0,"parent":0,"menu_order":4,"comment_status":"closed","ping_status":"closed","template":"","meta":{"footnotes":""},"class_list":["post-8","page","type-page","status-publish","hentry"],"_links":{"self":[{"href":"https:\/\/tomatisartetmusique.ch\/index.php?rest_route=\/wp\/v2\/pages\/8","targetHints":{"allow":["GET"]}}],"collection":[{"href":"https:\/\/tomatisartetmusique.ch\/index.php?rest_route=\/wp\/v2\/pages"}],"about":[{"href":"https:\/\/tomatisartetmusique.ch\/index.php?rest_route=\/wp\/v2\/types\/page"}],"author":[{"embeddable":true,"href":"https:\/\/tomatisartetmusique.ch\/index.php?rest_route=\/wp\/v2\/users\/1"}],"replies":[{"embeddable":true,"href":"https:\/\/tomatisartetmusique.ch\/index.php?rest_route=%2Fwp%2Fv2%2Fcomments&post=8"}],"version-history":[{"count":20,"href":"https:\/\/tomatisartetmusique.ch\/index.php?rest_route=\/wp\/v2\/pages\/8\/revisions"}],"predecessor-version":[{"id":485,"href":"https:\/\/tomatisartetmusique.ch\/index.php?rest_route=\/wp\/v2\/pages\/8\/revisions\/485"}],"wp:attachment":[{"href":"https:\/\/tomatisartetmusique.ch\/index.php?rest_route=%2Fwp%2Fv2%2Fmedia&parent=8"}],"curies":[{"name":"wp","href":"https:\/\/api.w.org\/{rel}","templated":true}]}}